{"id":1086,"date":"2022-07-18T12:56:47","date_gmt":"2022-07-18T12:56:47","guid":{"rendered":"https:\/\/www.fimj.org\/politique-de-confidentialite\/"},"modified":"2023-08-07T14:55:15","modified_gmt":"2023-08-07T14:55:15","slug":"privacy-policy","status":"publish","type":"page","link":"https:\/\/www.fimj.org\/en\/privacy-policy\/","title":{"rendered":"Privacy Policy"},"content":{"rendered":"\t\t<div data-elementor-type=\"wp-page\" data-elementor-id=\"1086\" class=\"elementor elementor-1086 elementor-476\">\n\t\t\t\t\t\t<section class=\"elementor-section elementor-top-section elementor-element elementor-element-5ab9d56a elementor-section-boxed elementor-section-height-default elementor-section-height-default parallax_section_no qode_elementor_container_no qode-content-aligment-left\" data-id=\"5ab9d56a\" data-element_type=\"section\" data-e-type=\"section\">\n\t\t\t\t\t\t<div class=\"elementor-container elementor-column-gap-default\">\n\t\t\t\t\t<div class=\"elementor-column elementor-col-100 elementor-top-column elementor-element elementor-element-72ab4283\" data-id=\"72ab4283\" data-element_type=\"column\" data-e-type=\"column\">\n\t\t\t<div class=\"elementor-widget-wrap elementor-element-populated\">\n\t\t\t\t\t\t<div class=\"elementor-element elementor-element-2f22341b elementor-widget elementor-widget-text-editor\" data-id=\"2f22341b\" data-element_type=\"widget\" data-e-type=\"widget\" data-widget_type=\"text-editor.default\">\n\t\t\t\t<div class=\"elementor-widget-container\">\n\t\t\t\t\t\t\t\t\t<p style=\"padding-left: 30px;\"><strong>Politique de confidentialit\u00e9<\/strong><\/p><p><strong>&nbsp;<\/strong><\/p><p style=\"padding-left: 30px;\">La Fondation immobili\u00e8re de Montr\u00e9al pour les jeunes (la FIMJ) vous souhaite la bienvenue sur son site Internet et vous invite \u00e0 prendre connaissance de sa politique en mati\u00e8re de confidentialit\u00e9. En visitant le site de la FIMJ, vous acceptez implicitement notre politique de protection des renseignements personnels.<\/p><p style=\"padding-left: 40px;\"><u>Renseignements personnels<\/u><\/p><p style=\"padding-left: 40px;\"><u><br><\/u>La FIMJ s\u2019engage \u00e0 prot\u00e9ger votre vie priv\u00e9e et la confidentialit\u00e9 de vos renseignements personnels.<\/p><p style=\"padding-left: 40px;\">Les renseignements personnels que nous recueillons ont strictement pour but d\u2019identifier les visiteurs et\/ou de faciliter l\u2019ex\u00e9cution des transactions qu\u2019ils effectuent par le biais de notre site. Il s\u2019agit g\u00e9n\u00e9ralement&nbsp;: du nom, de l\u2019adresse, du num\u00e9ro de t\u00e9l\u00e9phone et de l\u2019adresse de courriel, du montant d\u2019un don effectu\u00e9 et des renseignements bancaires ou num\u00e9ros de cartes de cr\u00e9dit n\u00e9cessaires pour conclure les transactions.<\/p><p style=\"padding-left: 40px;\">Lorsque vous effectuez un don \u00e0 La FIMJ, vous consentez \u00e0 recevoir des communications par courriel ou par la poste sur l\u2019impact de votre don, sur votre contribution ou encore \u00e0 propos de la FIMJ.<\/p><p style=\"padding-left: 40px;\">Des renseignements de nature personnelle peuvent aussi nous \u00eatre fournis lors des \u00e9changes de courriels, ou encore par les formulaires d\u2019inscription \u00e0 des activit\u00e9s.<\/p><p style=\"padding-left: 40px;\">Toutes ces donn\u00e9es ne seront consign\u00e9es qu\u2019\u00e0 des fins de traitement et de r\u00e9ception d\u2019un don, pour la distribution d\u2019un don \u00e0 un autre organisme de bienfaisance, pour l\u2019inscription \u00e0 une activit\u00e9, pour reconna\u00eetre la contribution d\u2019un donateur, ou encore pour donner suite \u00e0 des demandes de renseignements. De plus, les transactions effectu\u00e9es par carte de cr\u00e9dit sont trait\u00e9es par un serveur de paiement s\u00e9curis\u00e9 qui r\u00e9pond aux normes les plus strictes de l\u2019industrie.<\/p><p style=\"padding-left: 40px;\">La FIMJ s\u2019engage \u00e0 ne pas transmettre, \u00e9changer ou partager avec des tiers les renseignements personnels, sauf dans les cas suivants.<\/p><p style=\"padding-left: 30px;\">La personne nous autorise \u00e0 le faire.<\/p><p>Le partage de renseignements est n\u00e9cessaire pour le traitement d\u2019un don, par exemple lors d\u2019une transaction par carte de cr\u00e9dit.<\/p><p>La loi nous y oblige.<\/p><p style=\"padding-left: 40px;\">Sachez que toute personne peut retirer en tout temps son consentement \u00e0 la r\u00e9cup\u00e9ration, \u00e0 l\u2019utilisation ou \u00e0 la divulgation de renseignements personnels la concernant, et ce, en communiquant avec nous. Sa demande sera trait\u00e9e dans un d\u00e9lai raisonnable, et en conformit\u00e9 avec les normes et lois en vigueur. Vous pouvez \u00e0 tout moment vous d\u00e9sabonner de nos communications par courriel en cliquant dans le pied de page d\u2019un courriel sur \u00ab&nbsp;Modifier vos pr\u00e9f\u00e9rences ou vous d\u00e9sabonner&nbsp;\u00bb.<\/p><p style=\"padding-left: 40px;\">La FIMJ a mis en place des mesures de protection et des m\u00e9thodes de sauvegarde des renseignements confidentiels adapt\u00e9es \u00e0 la nature sensible des informations fournies. De plus, seules les personnes autoris\u00e9es et dont les fonctions l\u2019exigent ont acc\u00e8s \u00e0 ces renseignements personnels.<\/p><p style=\"padding-left: 40px;\"><u>T\u00e9moins (\u00ab&nbsp;<em>cookies<\/em>&nbsp;\u00bb) <\/u><\/p><p style=\"padding-left: 40px;\">Lorsqu\u2019un internaute visite ou utilise notre site Internet, celui-ci ne retiendra ou ne recueillera son adresse de courriel que si l\u2019internaute l\u2019a volontairement fournie lors du versement d\u2019un don, de l\u2019inscription \u00e0 l\u2019une des activit\u00e9s ou d\u2019une demande de renseignements.<\/p><p style=\"padding-left: 40px;\">Toutefois, notre site Internet peut, \u00e0 l\u2019int\u00e9rieur d\u2019une session, recourir \u00e0 des t\u00e9moins, commun\u00e9ment appel\u00e9s \u00ab&nbsp;cookies&nbsp;\u00bb, pour signaler la pr\u00e9sence d\u2019un visiteur et v\u00e9rifier si la structure et le contenu du site ont su r\u00e9pondre \u00e0 ses besoins. Ces fichiers temporaires facilitent la navigation sur le site, mais ne sont pas entrepos\u00e9s sur le disque dur de l\u2019ordinateur du visiteur, une fois sa session termin\u00e9e.<\/p><p style=\"padding-left: 40px;\">Le t\u00e9moin n\u2019est pas un programme. Il ne peut pas servir \u00e0 ex\u00e9cuter un code informatique ou \u00eatre porteur d\u2019un virus. La plupart des navigateurs sont configur\u00e9s pour accepter les t\u00e9moins, par d\u00e9faut. Il est possible de les d\u00e9sactiver gr\u00e2ce \u00e0 des fonctions offertes sur ces m\u00eames navigateurs. Cependant, en filtrant ou en d\u00e9sactivant les t\u00e9moins, certaines caract\u00e9ristiques du site risquent de ne plus fonctionner aussi bien.<\/p><p style=\"padding-left: 40px;\"><u>Sites tiers<\/u><\/p><p style=\"padding-left: 40px;\">Le site Internet de la FIMJ contient des liens vers des sites tiers&nbsp;; ceux-ci sont fournis uniquement pour votre commodit\u00e9. Notre politique de confidentialit\u00e9 n\u2019est aucunement li\u00e9e \u00e0 celle de tels sites tiers.<\/p><p style=\"padding-left: 40px;\"><strong>Conditions d\u2019utilisation<br><\/strong>Ce site Internet appartient \u00e0 la Fondation immobili\u00e8re de Montr\u00e9al pour les jeunes (la FIMJ). Il est exploit\u00e9 pour votre usage \u00e0 des fins personnelles et non commerciales. L\u2019usage que vous en faites est assujetti aux conditions suivantes et \u00e0 toutes les lois applicables. En acc\u00e9dant \u00e0 ce site Internet et en naviguant dans celui-ci, vous acceptez les pr\u00e9sentes conditions sans limite ni r\u00e9serve. Si vous n\u2019acceptez pas une de ces conditions, veuillez ne pas utiliser ce site Internet.<\/p><p style=\"padding-left: 40px;\"><u>Exclusion de responsabilit\u00e9<\/u><\/p><p style=\"padding-left: 40px;\">La FIMJ n\u2019offre aucune garantie quant \u00e0 l\u2019exactitude, \u00e0 la pertinence ou \u00e0 la fiabilit\u00e9 du contenu du site Internet, ni en ce qui a trait aux erreurs ou aux omissions qu\u2019il pourrait contenir. En aucun cas l\u2019information contenue sur le site Internet ne peut \u00eatre interpr\u00e9t\u00e9e comme \u00e9tant un avis juridique. La FIMJ d\u00e9cline toute responsabilit\u00e9 quant \u00e0 l\u2019usage qui en est fait.<\/p><p style=\"padding-left: 40px;\">La FIMJ n\u2019est pas responsable des dommages, qu\u2019ils soient directs ou indirects, d\u00e9coulant de l\u2019utilisation d\u2019\u00e9l\u00e9ments contenus dans ce site Internet.<\/p><p style=\"padding-left: 40px;\"><u>Propri\u00e9t\u00e9 et confidentialit\u00e9<\/u><\/p><p style=\"padding-left: 40px;\">Le site Internet de la FIMJ ainsi que tout le contenu qui y est diffus\u00e9 ou auquel il donne acc\u00e8s sont prot\u00e9g\u00e9s par des droits d\u2019auteur. Toute adaptation ou diffusion en sont interdites \u00e0 moins d\u2019avoir pr\u00e9alablement obtenu l\u2019autorisation de le faire.<\/p><p style=\"padding-left: 40px;\">Les \u00e9l\u00e9ments figurant dans ce site Internet, notamment les textes, images et illustrations, appartiennent \u00e0 la FIMJ ou sont autrement fournis par celle-ci, et la FIMJ ne fait aucune d\u00e9claration et ne donne aucune garantie quant au fait que ces \u00e9l\u00e9ments n\u2019enfreignent pas les droits d\u2019une autre personne ou entit\u00e9. Vous reconnaissez que les communications par courrier \u00e9lectronique non prot\u00e9g\u00e9es sur Internet peuvent \u00eatre intercept\u00e9es, alt\u00e9r\u00e9es ou se perdre. Les marques de commerce, logos et marques de service (collectivement appel\u00e9s \u00ab&nbsp;marques&nbsp;\u00bb) figurant dans ce site Internet sont des marques, enregistr\u00e9es ou non, de la FIMJ ou de tiers qui appartiennent \u00e0 leurs propri\u00e9taires respectifs, et elles ne peuvent \u00eatre utilis\u00e9es sans l\u2019autorisation \u00e9crite de la FIMJ. Les renseignements ou \u00e9l\u00e9ments figurant dans ce site Internet qui peuvent \u00eatre reproduits aux termes des pr\u00e9sentes conditions doivent comporter les avis de droits de propri\u00e9t\u00e9 qui figuraient initialement sur ceux-ci ou en liaison avec ceux-ci.<\/p><p style=\"padding-left: 40px;\"><u>Liens<\/u><\/p><p style=\"padding-left: 40px;\">Les liens et renvois \u00e0 d\u2019autres sites Internet sont fournis uniquement pour votre commodit\u00e9. La FIMJ n\u2019a pas v\u00e9rifi\u00e9 et n\u2019approuve pas explicitement ou implicitement les autres sites Internet ni les renseignements ou \u00e9l\u00e9ments accessibles \u00e0 l\u2019aide de ces liens ni leur accessibilit\u00e9, et elle n\u2019assume aucune responsabilit\u00e9 quant \u00e0 ces autres sites Internet, aux renseignements ou aux \u00e9l\u00e9ments qui y sont affich\u00e9s ou aux produits ou services qui y sont offerts. Il vous est par ailleurs interdit de cr\u00e9er dans d\u2019autres sites Internet des liens les reliant \u00e0 ce site Internet sans l\u2019autorisation expresse de la FIMJ.<\/p><p style=\"padding-left: 40px;\"><u>Exactitude des renseignements<\/u><\/p><p style=\"padding-left: 40px;\">La FIMJ met \u00e0 jour les renseignements ou \u00e9l\u00e9ments figurant dans ce site Internet le plus souvent possible, mais rien ne garantit que ceux-ci sont \u00e0 jour, exacts, sans erreur ou complets.<\/p><p style=\"padding-left: 40px;\"><u>Droits<\/u><\/p><p style=\"padding-left: 40px;\">Ce site est contr\u00f4l\u00e9 et exploit\u00e9 par la FIMJ \u00e0 partir de Montr\u00e9al, province de Qu\u00e9bec, Canada, et les pr\u00e9sentes conditions sont r\u00e9gies par les lois de la province de Qu\u00e9bec et les lois applicables du Canada, sans r\u00e9f\u00e9rence aux principes de conflits de lois. Vous acceptez de vous en remettre \u00e0 la comp\u00e9tence des tribunaux de la province de Qu\u00e9bec en ce qui a trait \u00e0 l\u2019interpr\u00e9tation ou \u00e0 l\u2019application des pr\u00e9sentes conditions.<\/p><p style=\"padding-left: 40px;\">&nbsp;<\/p>\t\t\t\t\t\t\t\t<\/div>\n\t\t\t\t<\/div>\n\t\t\t\t\t<\/div>\n\t\t<\/div>\n\t\t\t\t\t<\/div>\n\t\t<\/section>\n\t\t\t\t<section class=\"elementor-section elementor-top-section elementor-element elementor-element-f29bb16 elementor-section-boxed elementor-section-height-default elementor-section-height-default parallax_section_no qode_elementor_container_no qode-content-aligment-left\" data-id=\"f29bb16\" data-element_type=\"section\" data-e-type=\"section\">\n\t\t\t\t\t\t<div class=\"elementor-container elementor-column-gap-default\">\n\t\t\t\t\t<div class=\"elementor-column elementor-col-100 elementor-top-column elementor-element elementor-element-e329346\" data-id=\"e329346\" data-element_type=\"column\" data-e-type=\"column\">\n\t\t\t<div class=\"elementor-widget-wrap\">\n\t\t\t\t\t\t\t<\/div>\n\t\t<\/div>\n\t\t\t\t\t<\/div>\n\t\t<\/section>\n\t\t\t\t<\/div>\n\t\t","protected":false},"excerpt":{"rendered":"<p>Politique de confidentialit\u00e9 &nbsp; La Fondation immobili\u00e8re de Montr\u00e9al pour les jeunes (la FIMJ) vous souhaite la bienvenue sur son site Internet et vous invite \u00e0 prendre connaissance de sa politique en mati\u00e8re de confidentialit\u00e9. En visitant le site de la FIMJ, vous acceptez implicitement&#8230;<\/p>\n","protected":false},"author":1,"featured_media":0,"parent":0,"menu_order":0,"comment_status":"closed","ping_status":"closed","template":"","meta":{"ngg_post_thumbnail":0,"footnotes":""},"class_list":["post-1086","page","type-page","status-publish","hentry"],"yoast_head":"<!-- This site is optimized with the Yoast SEO plugin v27.0 - https:\/\/yoast.com\/product\/yoast-seo-wordpress\/ -->\n<title>Privacy Policy | FIMJ.org - Fondation immobili\u00e8re de Montr\u00e9al pour les jeunes<\/title>\n<meta name=\"robots\" content=\"index, follow, max-snippet:-1, max-image-preview:large, max-video-preview:-1\" \/>\n<link rel=\"canonical\" href=\"https:\/\/www.fimj.org\/politique-de-confidentialite\/\" \/>\n<meta property=\"og:locale\" content=\"en_US\" \/>\n<meta property=\"og:type\" content=\"article\" \/>\n<meta property=\"og:title\" content=\"Privacy Policy | FIMJ.org - Fondation immobili\u00e8re de Montr\u00e9al pour les jeunes\" \/>\n<meta property=\"og:description\" content=\"Politique de confidentialit\u00e9 &nbsp; La Fondation immobili\u00e8re de Montr\u00e9al pour les jeunes (la FIMJ) vous souhaite la bienvenue sur son site Internet et vous invite \u00e0 prendre connaissance de sa politique en mati\u00e8re de confidentialit\u00e9. En visitant le site de la FIMJ, vous acceptez implicitement...\" \/>\n<meta property=\"og:url\" content=\"https:\/\/www.fimj.org\/politique-de-confidentialite\/\" \/>\n<meta property=\"og:site_name\" content=\"FIMJ.org - Fondation immobili\u00e8re de Montr\u00e9al pour les jeunes\" \/>\n<meta property=\"article:modified_time\" content=\"2023-08-07T14:55:15+00:00\" \/>\n<meta name=\"twitter:card\" content=\"summary_large_image\" \/>\n<meta name=\"twitter:label1\" content=\"Est. reading time\" \/>\n\t<meta name=\"twitter:data1\" content=\"6 minutes\" \/>\n<script type=\"application\/ld+json\" class=\"yoast-schema-graph\">{\"@context\":\"https:\/\/schema.org\",\"@graph\":[{\"@type\":\"WebPage\",\"@id\":\"https:\/\/www.fimj.org\/politique-de-confidentialite\/\",\"url\":\"https:\/\/www.fimj.org\/politique-de-confidentialite\/\",\"name\":\"Privacy Policy | FIMJ.org - Fondation immobili\u00e8re de Montr\u00e9al pour les jeunes\",\"isPartOf\":{\"@id\":\"https:\/\/www.fimj.org\/#website\"},\"datePublished\":\"2022-07-18T12:56:47+00:00\",\"dateModified\":\"2023-08-07T14:55:15+00:00\",\"breadcrumb\":{\"@id\":\"https:\/\/www.fimj.org\/politique-de-confidentialite\/#breadcrumb\"},\"inLanguage\":\"en-US\",\"potentialAction\":[{\"@type\":\"ReadAction\",\"target\":[\"https:\/\/www.fimj.org\/politique-de-confidentialite\/\"]}]},{\"@type\":\"BreadcrumbList\",\"@id\":\"https:\/\/www.fimj.org\/politique-de-confidentialite\/#breadcrumb\",\"itemListElement\":[{\"@type\":\"ListItem\",\"position\":1,\"name\":\"Accueil\",\"item\":\"https:\/\/www.fimj.org\/en\/\"},{\"@type\":\"ListItem\",\"position\":2,\"name\":\"Privacy Policy\"}]},{\"@type\":\"WebSite\",\"@id\":\"https:\/\/www.fimj.org\/#website\",\"url\":\"https:\/\/www.fimj.org\/\",\"name\":\"FIMJ.org - Fondation immobili\u00e8re de Montr\u00e9al pour les jeunes\",\"description\":\"La FIMJ soutient des organismes venant en aide aux jeunes ayant des conditions de vie difficile.\",\"publisher\":{\"@id\":\"https:\/\/www.fimj.org\/#organization\"},\"potentialAction\":[{\"@type\":\"SearchAction\",\"target\":{\"@type\":\"EntryPoint\",\"urlTemplate\":\"https:\/\/www.fimj.org\/?s={search_term_string}\"},\"query-input\":{\"@type\":\"PropertyValueSpecification\",\"valueRequired\":true,\"valueName\":\"search_term_string\"}}],\"inLanguage\":\"en-US\"},{\"@type\":\"Organization\",\"@id\":\"https:\/\/www.fimj.org\/#organization\",\"name\":\"FIMJ.org - Fondation immobili\u00e8re de Montr\u00e9al pour les jeunes\",\"url\":\"https:\/\/www.fimj.org\/\",\"logo\":{\"@type\":\"ImageObject\",\"inLanguage\":\"en-US\",\"@id\":\"https:\/\/www.fimj.org\/#\/schema\/logo\/image\/\",\"url\":\"https:\/\/www.fimj.org\/wp-content\/uploads\/2022\/07\/fimj-notext.svg\",\"contentUrl\":\"https:\/\/www.fimj.org\/wp-content\/uploads\/2022\/07\/fimj-notext.svg\",\"width\":472,\"height\":228,\"caption\":\"FIMJ.org - Fondation immobili\u00e8re de Montr\u00e9al pour les jeunes\"},\"image\":{\"@id\":\"https:\/\/www.fimj.org\/#\/schema\/logo\/image\/\"},\"sameAs\":[\"https:\/\/www.linkedin.com\/company\/fimj\/about\/\"]}]}<\/script>\n<!-- \/ Yoast SEO plugin. -->","yoast_head_json":{"title":"Privacy Policy | FIMJ.org - Fondation immobili\u00e8re de Montr\u00e9al pour les jeunes","robots":{"index":"index","follow":"follow","max-snippet":"max-snippet:-1","max-image-preview":"max-image-preview:large","max-video-preview":"max-video-preview:-1"},"canonical":"https:\/\/www.fimj.org\/politique-de-confidentialite\/","og_locale":"en_US","og_type":"article","og_title":"Privacy Policy | FIMJ.org - Fondation immobili\u00e8re de Montr\u00e9al pour les jeunes","og_description":"Politique de confidentialit\u00e9 &nbsp; La Fondation immobili\u00e8re de Montr\u00e9al pour les jeunes (la FIMJ) vous souhaite la bienvenue sur son site Internet et vous invite \u00e0 prendre connaissance de sa politique en mati\u00e8re de confidentialit\u00e9. En visitant le site de la FIMJ, vous acceptez implicitement...","og_url":"https:\/\/www.fimj.org\/politique-de-confidentialite\/","og_site_name":"FIMJ.org - Fondation immobili\u00e8re de Montr\u00e9al pour les jeunes","article_modified_time":"2023-08-07T14:55:15+00:00","twitter_card":"summary_large_image","twitter_misc":{"Est. reading time":"6 minutes"},"schema":{"@context":"https:\/\/schema.org","@graph":[{"@type":"WebPage","@id":"https:\/\/www.fimj.org\/politique-de-confidentialite\/","url":"https:\/\/www.fimj.org\/politique-de-confidentialite\/","name":"Privacy Policy | FIMJ.org - Fondation immobili\u00e8re de Montr\u00e9al pour les jeunes","isPartOf":{"@id":"https:\/\/www.fimj.org\/#website"},"datePublished":"2022-07-18T12:56:47+00:00","dateModified":"2023-08-07T14:55:15+00:00","breadcrumb":{"@id":"https:\/\/www.fimj.org\/politique-de-confidentialite\/#breadcrumb"},"inLanguage":"en-US","potentialAction":[{"@type":"ReadAction","target":["https:\/\/www.fimj.org\/politique-de-confidentialite\/"]}]},{"@type":"BreadcrumbList","@id":"https:\/\/www.fimj.org\/politique-de-confidentialite\/#breadcrumb","itemListElement":[{"@type":"ListItem","position":1,"name":"Accueil","item":"https:\/\/www.fimj.org\/en\/"},{"@type":"ListItem","position":2,"name":"Privacy Policy"}]},{"@type":"WebSite","@id":"https:\/\/www.fimj.org\/#website","url":"https:\/\/www.fimj.org\/","name":"FIMJ.org - Fondation immobili\u00e8re de Montr\u00e9al pour les jeunes","description":"La FIMJ soutient des organismes venant en aide aux jeunes ayant des conditions de vie difficile.","publisher":{"@id":"https:\/\/www.fimj.org\/#organization"},"potentialAction":[{"@type":"SearchAction","target":{"@type":"EntryPoint","urlTemplate":"https:\/\/www.fimj.org\/?s={search_term_string}"},"query-input":{"@type":"PropertyValueSpecification","valueRequired":true,"valueName":"search_term_string"}}],"inLanguage":"en-US"},{"@type":"Organization","@id":"https:\/\/www.fimj.org\/#organization","name":"FIMJ.org - Fondation immobili\u00e8re de Montr\u00e9al pour les jeunes","url":"https:\/\/www.fimj.org\/","logo":{"@type":"ImageObject","inLanguage":"en-US","@id":"https:\/\/www.fimj.org\/#\/schema\/logo\/image\/","url":"https:\/\/www.fimj.org\/wp-content\/uploads\/2022\/07\/fimj-notext.svg","contentUrl":"https:\/\/www.fimj.org\/wp-content\/uploads\/2022\/07\/fimj-notext.svg","width":472,"height":228,"caption":"FIMJ.org - Fondation immobili\u00e8re de Montr\u00e9al pour les jeunes"},"image":{"@id":"https:\/\/www.fimj.org\/#\/schema\/logo\/image\/"},"sameAs":["https:\/\/www.linkedin.com\/company\/fimj\/about\/"]}]}},"_links":{"self":[{"href":"https:\/\/www.fimj.org\/en\/wp-json\/wp\/v2\/pages\/1086","targetHints":{"allow":["GET"]}}],"collection":[{"href":"https:\/\/www.fimj.org\/en\/wp-json\/wp\/v2\/pages"}],"about":[{"href":"https:\/\/www.fimj.org\/en\/wp-json\/wp\/v2\/types\/page"}],"author":[{"embeddable":true,"href":"https:\/\/www.fimj.org\/en\/wp-json\/wp\/v2\/users\/1"}],"replies":[{"embeddable":true,"href":"https:\/\/www.fimj.org\/en\/wp-json\/wp\/v2\/comments?post=1086"}],"version-history":[{"count":4,"href":"https:\/\/www.fimj.org\/en\/wp-json\/wp\/v2\/pages\/1086\/revisions"}],"predecessor-version":[{"id":2828,"href":"https:\/\/www.fimj.org\/en\/wp-json\/wp\/v2\/pages\/1086\/revisions\/2828"}],"wp:attachment":[{"href":"https:\/\/www.fimj.org\/en\/wp-json\/wp\/v2\/media?parent=1086"}],"curies":[{"name":"wp","href":"https:\/\/api.w.org\/{rel}","templated":true}]}}