{"id":1088,"date":"2022-07-18T12:57:23","date_gmt":"2022-07-18T12:57:23","guid":{"rendered":"https:\/\/www.fimj.org\/conditions-dutilisation\/"},"modified":"2023-08-07T14:59:27","modified_gmt":"2023-08-07T14:59:27","slug":"terms-and-conditions","status":"publish","type":"page","link":"https:\/\/www.fimj.org\/en\/terms-and-conditions\/","title":{"rendered":"Terms and conditions"},"content":{"rendered":"\t\t<div data-elementor-type=\"wp-page\" data-elementor-id=\"1088\" class=\"elementor elementor-1088 elementor-478\">\n\t\t\t\t\t\t<section class=\"elementor-section elementor-top-section elementor-element elementor-element-5944447f elementor-section-boxed elementor-section-height-default elementor-section-height-default parallax_section_no qode_elementor_container_no qode-content-aligment-left\" data-id=\"5944447f\" data-element_type=\"section\" data-e-type=\"section\">\n\t\t\t\t\t\t<div class=\"elementor-container elementor-column-gap-default\">\n\t\t\t\t\t<div class=\"elementor-column elementor-col-100 elementor-top-column elementor-element elementor-element-7249909a\" data-id=\"7249909a\" data-element_type=\"column\" data-e-type=\"column\">\n\t\t\t<div class=\"elementor-widget-wrap elementor-element-populated\">\n\t\t\t\t\t\t<div class=\"elementor-element elementor-element-687063f7 elementor-widget elementor-widget-text-editor\" data-id=\"687063f7\" data-element_type=\"widget\" data-e-type=\"widget\" data-widget_type=\"text-editor.default\">\n\t\t\t\t<div class=\"elementor-widget-container\">\n\t\t\t\t\t\t\t\t\t<p>&nbsp;<\/p><h3><strong>Conditions d\u2019utilisation<\/strong><\/h3><h3>&nbsp;<\/h3><h3>Ce site Internet appartient \u00e0 la Fondation immobili\u00e8re de Montr\u00e9al pour les jeunes (la FIMJ). Il est exploit\u00e9 pour votre usage \u00e0 des fins personnelles et non commerciales. L\u2019usage que vous en faites est assujetti aux conditions suivantes et \u00e0 toutes les lois applicables. En acc\u00e9dant \u00e0 ce site Internet et en naviguant dans celui-ci, vous acceptez les pr\u00e9sentes conditions sans limite ni r\u00e9serve. Si vous n\u2019acceptez pas une de ces conditions, veuillez ne pas utiliser ce site Internet.<\/h3><h3>&nbsp;<\/h3><h3><u>Exclusion de responsabilit\u00e9<\/u><\/h3><h3>La FIMJ n\u2019offre aucune garantie quant \u00e0 l\u2019exactitude, \u00e0 la pertinence ou \u00e0 la fiabilit\u00e9 du contenu du site Internet, ni en ce qui a trait aux erreurs ou aux omissions qu\u2019il pourrait contenir. En aucun cas l\u2019information contenue sur le site Internet ne peut \u00eatre interpr\u00e9t\u00e9e comme \u00e9tant un avis juridique. La FIMJ d\u00e9cline toute responsabilit\u00e9 quant \u00e0 l\u2019usage qui en est fait.<\/h3><h3>La FIMJ n\u2019est pas responsable des dommages, qu\u2019ils soient directs ou indirects, d\u00e9coulant de l\u2019utilisation d\u2019\u00e9l\u00e9ments contenus dans ce site Internet.<\/h3><h3>&nbsp;<\/h3><h3><u>Propri\u00e9t\u00e9 et confidentialit\u00e9<\/u><\/h3><h3>Le site Internet de la FIMJ ainsi que tout le contenu qui y est diffus\u00e9 ou auquel il donne acc\u00e8s sont prot\u00e9g\u00e9s par des droits d\u2019auteur. Toute adaptation ou diffusion en sont interdites \u00e0 moins d\u2019avoir pr\u00e9alablement obtenu l\u2019autorisation de le faire.<\/h3><h3>Les \u00e9l\u00e9ments figurant dans ce site Internet, notamment les textes, images et illustrations, appartiennent \u00e0 la FIMJ ou sont autrement fournis par celle-ci, et la FIMJ ne fait aucune d\u00e9claration et ne donne aucune garantie quant au fait que ces \u00e9l\u00e9ments n\u2019enfreignent pas les droits d\u2019une autre personne ou entit\u00e9. Vous reconnaissez que les renseignements ou \u00e9l\u00e9ments que vous fournissez par voie \u00e9lectronique du fait que vous acc\u00e9dez \u00e0 ce site Internet ou en faites usage ne sont ni confidentiels ni exclusifs, sauf dans la mesure requise par les lois applicables, et que les communications par courrier \u00e9lectronique non prot\u00e9g\u00e9es sur Internet peuvent \u00eatre intercept\u00e9es, alt\u00e9r\u00e9es ou se perdre. Les marques de commerce, logos et marques de service (collectivement appel\u00e9s \u00ab&nbsp;marques&nbsp;\u00bb) figurant dans ce site Internet sont des marques, enregistr\u00e9es ou non, de la FIMJ ou de tiers qui appartiennent \u00e0 leurs propri\u00e9taires respectifs, et elles ne peuvent \u00eatre utilis\u00e9es sans l\u2019autorisation \u00e9crite de la FIMJ. Les renseignements ou \u00e9l\u00e9ments figurant dans ce site Internet qui peuvent \u00eatre reproduits aux termes des pr\u00e9sentes conditions doivent comporter les avis de droits de propri\u00e9t\u00e9 qui figuraient initialement sur ceux-ci ou en liaison avec ceux-ci.<\/h3><h3>&nbsp;<\/h3><h3><u>Liens<\/u><\/h3><h3>Les liens et renvois \u00e0 d\u2019autres sites Internet sont fournis uniquement pour votre commodit\u00e9. La FIMJ n\u2019a pas v\u00e9rifi\u00e9 et n\u2019approuve pas explicitement ou implicitement les autres sites Internet ni les renseignements ou \u00e9l\u00e9ments accessibles \u00e0 l\u2019aide de ces liens ni leur accessibilit\u00e9, et elle n\u2019assume aucune responsabilit\u00e9 quant \u00e0 ces autres sites Internet, aux renseignements ou aux \u00e9l\u00e9ments qui y sont affich\u00e9s ou aux produits ou services qui y sont offerts. Il vous est par ailleurs interdit de cr\u00e9er dans d\u2019autres sites Internet des liens les reliant \u00e0 ce site Internet sans l\u2019autorisation expresse de la FIMJ.<\/h3><h3>&nbsp;<\/h3><h3><u>Exactitude des renseignements<\/u><\/h3><h3>La FIMJ met \u00e0 jour les renseignements ou \u00e9l\u00e9ments figurant dans ce site Internet le plus souvent possible, mais rien ne garantit que ceux-ci sont \u00e0 jour, exacts, sans erreur ou complets.<\/h3><h3>&nbsp;<\/h3><h3><u>Droits<\/u><\/h3><h3>Ce site est contr\u00f4l\u00e9 et exploit\u00e9 par la FIMJ \u00e0 partir de Montr\u00e9al, province de Qu\u00e9bec, Canada, et les pr\u00e9sentes conditions sont r\u00e9gies par les lois de la province de Qu\u00e9bec et les lois applicables du Canada, sans r\u00e9f\u00e9rence aux principes de conflits de lois. Vous acceptez de vous en remettre \u00e0 la comp\u00e9tence des tribunaux de la province de Qu\u00e9bec en ce qui a trait \u00e0 l\u2019interpr\u00e9tation ou \u00e0 l\u2019application des pr\u00e9sentes conditions.<\/h3><h3>&nbsp;<\/h3>\t\t\t\t\t\t\t\t<\/div>\n\t\t\t\t<\/div>\n\t\t\t\t\t<\/div>\n\t\t<\/div>\n\t\t\t\t\t<\/div>\n\t\t<\/section>\n\t\t\t\t<\/div>\n\t\t","protected":false},"excerpt":{"rendered":"<p>&nbsp; Conditions d\u2019utilisation &nbsp; Ce site Internet appartient \u00e0 la Fondation immobili\u00e8re de Montr\u00e9al pour les jeunes (la FIMJ). Il est exploit\u00e9 pour votre usage \u00e0 des fins personnelles et non commerciales. L\u2019usage que vous en faites est assujetti aux conditions suivantes et \u00e0 toutes&#8230;<\/p>\n","protected":false},"author":1,"featured_media":0,"parent":0,"menu_order":0,"comment_status":"closed","ping_status":"closed","template":"","meta":{"ngg_post_thumbnail":0,"footnotes":""},"class_list":["post-1088","page","type-page","status-publish","hentry"],"yoast_head":"<!-- This site is optimized with the Yoast SEO plugin v27.0 - https:\/\/yoast.com\/product\/yoast-seo-wordpress\/ -->\n<title>Terms and conditions | FIMJ.org - Fondation immobili\u00e8re de Montr\u00e9al pour les jeunes<\/title>\n<meta name=\"robots\" content=\"index, follow, max-snippet:-1, max-image-preview:large, max-video-preview:-1\" \/>\n<link rel=\"canonical\" href=\"https:\/\/www.fimj.org\/conditions-dutilisation\/\" \/>\n<meta property=\"og:locale\" content=\"en_US\" \/>\n<meta property=\"og:type\" content=\"article\" \/>\n<meta property=\"og:title\" content=\"Terms and conditions | FIMJ.org - Fondation immobili\u00e8re de Montr\u00e9al pour les jeunes\" \/>\n<meta property=\"og:description\" content=\"&nbsp; Conditions d\u2019utilisation &nbsp; Ce site Internet appartient \u00e0 la Fondation immobili\u00e8re de Montr\u00e9al pour les jeunes (la FIMJ). Il est exploit\u00e9 pour votre usage \u00e0 des fins personnelles et non commerciales. L\u2019usage que vous en faites est assujetti aux conditions suivantes et \u00e0 toutes...\" \/>\n<meta property=\"og:url\" content=\"https:\/\/www.fimj.org\/conditions-dutilisation\/\" \/>\n<meta property=\"og:site_name\" content=\"FIMJ.org - Fondation immobili\u00e8re de Montr\u00e9al pour les jeunes\" \/>\n<meta property=\"article:modified_time\" content=\"2023-08-07T14:59:27+00:00\" \/>\n<meta name=\"twitter:card\" content=\"summary_large_image\" \/>\n<meta name=\"twitter:label1\" content=\"Est. reading time\" \/>\n\t<meta name=\"twitter:data1\" content=\"3 minutes\" \/>\n<script type=\"application\/ld+json\" class=\"yoast-schema-graph\">{\"@context\":\"https:\/\/schema.org\",\"@graph\":[{\"@type\":\"WebPage\",\"@id\":\"https:\/\/www.fimj.org\/conditions-dutilisation\/\",\"url\":\"https:\/\/www.fimj.org\/conditions-dutilisation\/\",\"name\":\"Terms and conditions | FIMJ.org - Fondation immobili\u00e8re de Montr\u00e9al pour les jeunes\",\"isPartOf\":{\"@id\":\"https:\/\/www.fimj.org\/#website\"},\"datePublished\":\"2022-07-18T12:57:23+00:00\",\"dateModified\":\"2023-08-07T14:59:27+00:00\",\"breadcrumb\":{\"@id\":\"https:\/\/www.fimj.org\/conditions-dutilisation\/#breadcrumb\"},\"inLanguage\":\"en-US\",\"potentialAction\":[{\"@type\":\"ReadAction\",\"target\":[\"https:\/\/www.fimj.org\/conditions-dutilisation\/\"]}]},{\"@type\":\"BreadcrumbList\",\"@id\":\"https:\/\/www.fimj.org\/conditions-dutilisation\/#breadcrumb\",\"itemListElement\":[{\"@type\":\"ListItem\",\"position\":1,\"name\":\"Accueil\",\"item\":\"https:\/\/www.fimj.org\/en\/\"},{\"@type\":\"ListItem\",\"position\":2,\"name\":\"Terms and conditions\"}]},{\"@type\":\"WebSite\",\"@id\":\"https:\/\/www.fimj.org\/#website\",\"url\":\"https:\/\/www.fimj.org\/\",\"name\":\"FIMJ.org - Fondation immobili\u00e8re de Montr\u00e9al pour les jeunes\",\"description\":\"La FIMJ soutient des organismes venant en aide aux jeunes ayant des conditions de vie difficile.\",\"publisher\":{\"@id\":\"https:\/\/www.fimj.org\/#organization\"},\"potentialAction\":[{\"@type\":\"SearchAction\",\"target\":{\"@type\":\"EntryPoint\",\"urlTemplate\":\"https:\/\/www.fimj.org\/?s={search_term_string}\"},\"query-input\":{\"@type\":\"PropertyValueSpecification\",\"valueRequired\":true,\"valueName\":\"search_term_string\"}}],\"inLanguage\":\"en-US\"},{\"@type\":\"Organization\",\"@id\":\"https:\/\/www.fimj.org\/#organization\",\"name\":\"FIMJ.org - Fondation immobili\u00e8re de Montr\u00e9al pour les jeunes\",\"url\":\"https:\/\/www.fimj.org\/\",\"logo\":{\"@type\":\"ImageObject\",\"inLanguage\":\"en-US\",\"@id\":\"https:\/\/www.fimj.org\/#\/schema\/logo\/image\/\",\"url\":\"https:\/\/www.fimj.org\/wp-content\/uploads\/2022\/07\/fimj-notext.svg\",\"contentUrl\":\"https:\/\/www.fimj.org\/wp-content\/uploads\/2022\/07\/fimj-notext.svg\",\"width\":472,\"height\":228,\"caption\":\"FIMJ.org - Fondation immobili\u00e8re de Montr\u00e9al pour les jeunes\"},\"image\":{\"@id\":\"https:\/\/www.fimj.org\/#\/schema\/logo\/image\/\"},\"sameAs\":[\"https:\/\/www.linkedin.com\/company\/fimj\/about\/\"]}]}<\/script>\n<!-- \/ Yoast SEO plugin. -->","yoast_head_json":{"title":"Terms and conditions | FIMJ.org - Fondation immobili\u00e8re de Montr\u00e9al pour les jeunes","robots":{"index":"index","follow":"follow","max-snippet":"max-snippet:-1","max-image-preview":"max-image-preview:large","max-video-preview":"max-video-preview:-1"},"canonical":"https:\/\/www.fimj.org\/conditions-dutilisation\/","og_locale":"en_US","og_type":"article","og_title":"Terms and conditions | FIMJ.org - Fondation immobili\u00e8re de Montr\u00e9al pour les jeunes","og_description":"&nbsp; Conditions d\u2019utilisation &nbsp; Ce site Internet appartient \u00e0 la Fondation immobili\u00e8re de Montr\u00e9al pour les jeunes (la FIMJ). Il est exploit\u00e9 pour votre usage \u00e0 des fins personnelles et non commerciales. L\u2019usage que vous en faites est assujetti aux conditions suivantes et \u00e0 toutes...","og_url":"https:\/\/www.fimj.org\/conditions-dutilisation\/","og_site_name":"FIMJ.org - Fondation immobili\u00e8re de Montr\u00e9al pour les jeunes","article_modified_time":"2023-08-07T14:59:27+00:00","twitter_card":"summary_large_image","twitter_misc":{"Est. reading time":"3 minutes"},"schema":{"@context":"https:\/\/schema.org","@graph":[{"@type":"WebPage","@id":"https:\/\/www.fimj.org\/conditions-dutilisation\/","url":"https:\/\/www.fimj.org\/conditions-dutilisation\/","name":"Terms and conditions | FIMJ.org - Fondation immobili\u00e8re de Montr\u00e9al pour les jeunes","isPartOf":{"@id":"https:\/\/www.fimj.org\/#website"},"datePublished":"2022-07-18T12:57:23+00:00","dateModified":"2023-08-07T14:59:27+00:00","breadcrumb":{"@id":"https:\/\/www.fimj.org\/conditions-dutilisation\/#breadcrumb"},"inLanguage":"en-US","potentialAction":[{"@type":"ReadAction","target":["https:\/\/www.fimj.org\/conditions-dutilisation\/"]}]},{"@type":"BreadcrumbList","@id":"https:\/\/www.fimj.org\/conditions-dutilisation\/#breadcrumb","itemListElement":[{"@type":"ListItem","position":1,"name":"Accueil","item":"https:\/\/www.fimj.org\/en\/"},{"@type":"ListItem","position":2,"name":"Terms and conditions"}]},{"@type":"WebSite","@id":"https:\/\/www.fimj.org\/#website","url":"https:\/\/www.fimj.org\/","name":"FIMJ.org - Fondation immobili\u00e8re de Montr\u00e9al pour les jeunes","description":"La FIMJ soutient des organismes venant en aide aux jeunes ayant des conditions de vie difficile.","publisher":{"@id":"https:\/\/www.fimj.org\/#organization"},"potentialAction":[{"@type":"SearchAction","target":{"@type":"EntryPoint","urlTemplate":"https:\/\/www.fimj.org\/?s={search_term_string}"},"query-input":{"@type":"PropertyValueSpecification","valueRequired":true,"valueName":"search_term_string"}}],"inLanguage":"en-US"},{"@type":"Organization","@id":"https:\/\/www.fimj.org\/#organization","name":"FIMJ.org - Fondation immobili\u00e8re de Montr\u00e9al pour les jeunes","url":"https:\/\/www.fimj.org\/","logo":{"@type":"ImageObject","inLanguage":"en-US","@id":"https:\/\/www.fimj.org\/#\/schema\/logo\/image\/","url":"https:\/\/www.fimj.org\/wp-content\/uploads\/2022\/07\/fimj-notext.svg","contentUrl":"https:\/\/www.fimj.org\/wp-content\/uploads\/2022\/07\/fimj-notext.svg","width":472,"height":228,"caption":"FIMJ.org - Fondation immobili\u00e8re de Montr\u00e9al pour les jeunes"},"image":{"@id":"https:\/\/www.fimj.org\/#\/schema\/logo\/image\/"},"sameAs":["https:\/\/www.linkedin.com\/company\/fimj\/about\/"]}]}},"_links":{"self":[{"href":"https:\/\/www.fimj.org\/en\/wp-json\/wp\/v2\/pages\/1088","targetHints":{"allow":["GET"]}}],"collection":[{"href":"https:\/\/www.fimj.org\/en\/wp-json\/wp\/v2\/pages"}],"about":[{"href":"https:\/\/www.fimj.org\/en\/wp-json\/wp\/v2\/types\/page"}],"author":[{"embeddable":true,"href":"https:\/\/www.fimj.org\/en\/wp-json\/wp\/v2\/users\/1"}],"replies":[{"embeddable":true,"href":"https:\/\/www.fimj.org\/en\/wp-json\/wp\/v2\/comments?post=1088"}],"version-history":[{"count":4,"href":"https:\/\/www.fimj.org\/en\/wp-json\/wp\/v2\/pages\/1088\/revisions"}],"predecessor-version":[{"id":2839,"href":"https:\/\/www.fimj.org\/en\/wp-json\/wp\/v2\/pages\/1088\/revisions\/2839"}],"wp:attachment":[{"href":"https:\/\/www.fimj.org\/en\/wp-json\/wp\/v2\/media?parent=1088"}],"curies":[{"name":"wp","href":"https:\/\/api.w.org\/{rel}","templated":true}]}}